{"id":20213,"date":"2025-02-22T10:38:02","date_gmt":"2025-02-22T09:38:02","guid":{"rendered":"https:\/\/zdrave-matrace.cz\/?page_id=20213"},"modified":"2025-02-26T12:44:18","modified_gmt":"2025-02-26T11:44:18","slug":"guesthouse","status":"publish","type":"page","link":"https:\/\/zdrave-matrace.cz\/en\/guesthouse\/","title":{"rendered":"Guesthouse"},"content":{"rendered":"<p>[et_pb_section fb_built=&#8221;1&#8243; admin_label=&#8221;Glob\u00e1ln\u00ed nadpis&#8221; _builder_version=&#8221;4.27.4&#8243; _module_preset=&#8221;default&#8221; background_color=&#8221;#fafafa&#8221; custom_padding=&#8221;30px||30px||true|false&#8221; border_width_top=&#8221;1px&#8221; border_color_top=&#8221;#EDEDED&#8221; border_width_bottom=&#8221;1px&#8221; border_color_bottom=&#8221;#EDEDED&#8221; global_module=&#8221;17806&#8243; saved_tabs=&#8221;all&#8221; global_colors_info=&#8221;{}&#8221;][et_pb_row _builder_version=&#8221;4.27.2&#8243; _module_preset=&#8221;default&#8221; global_colors_info=&#8221;%91%93&#8243;][et_pb_column type=&#8221;4_4&#8243; _builder_version=&#8221;4.27.2&#8243; _module_preset=&#8221;default&#8221; global_colors_info=&#8221;{}&#8221;][et_pb_text _builder_version=&#8221;4.27.2&#8243; _dynamic_attributes=&#8221;content&#8221; _module_preset=&#8221;default&#8221; text_font=&#8221;|700|||||||&#8221; header_font=&#8221;|600||on|||||&#8221; header_2_font=&#8221;|600|||||||&#8221; header_2_text_align=&#8221;left&#8221; header_3_text_align=&#8221;left&#8221; text_orientation=&#8221;center&#8221; header_font_size_tablet=&#8221;&#8221; header_font_size_phone=&#8221;26px&#8221; header_font_size_last_edited=&#8221;on|phone&#8221; global_colors_info=&#8221;%91%93&#8243;]@ET-DC@eyJkeW5hbWljIjp0cnVlLCJjb250ZW50IjoicG9zdF90aXRsZSIsInNldHRpbmdzIjp7ImJlZm9yZSI6IjxoMT4iLCJhZnRlciI6IjwvaDE+IiwiZW5hYmxlX2h0bWwiOiJvZmYifX0=@[\/et_pb_text][\/et_pb_column][\/et_pb_row][\/et_pb_section][et_pb_section fb_built=&#8221;1&#8243; _builder_version=&#8221;4.27.2&#8243; _module_preset=&#8221;default&#8221; global_colors_info=&#8221;{}&#8221;][et_pb_row _builder_version=&#8221;4.27.2&#8243; _module_preset=&#8221;default&#8221; global_colors_info=&#8221;%91%93&#8243;][et_pb_column type=&#8221;4_4&#8243; _builder_version=&#8221;4.27.2&#8243; _module_preset=&#8221;default&#8221; global_colors_info=&#8221;{}&#8221;][et_pb_text content_last_edited=&#8221;off|desktop&#8221; _builder_version=&#8221;4.27.4&#8243; _module_preset=&#8221;default&#8221; header_font=&#8221;|600||on|||||&#8221; header_2_font=&#8221;|600|||||||&#8221; header_2_text_align=&#8221;left&#8221; header_3_text_align=&#8221;left&#8221; text_orientation=&#8221;justified&#8221; hover_enabled=&#8221;0&#8243; global_colors_info=&#8221;%91%93&#8243; sticky_enabled=&#8221;0&#8243;]<\/p>\n<p><strong>Pension<\/strong> is a&nbsp;smaller accommodation facility that offers accommodation to tourists, business travellers and families looking for comfortable and affordable accommodation. Compared to hotels, guesthouses tend to be smaller, often family-run and with an emphasis on a&nbsp;personal approach to guests. As a&nbsp;guaranteed partner of the Czech Hotel Association, our company offers professional mattress and bedding maintenance for guesthouses in the Czech Republic.<\/p>\n<p><img loading=\"lazy\" decoding=\"async\" class=\"alignnone wp-image-20016 size-full\" src=\"https:\/\/zdrave-matrace.cz\/wp-content\/uploads\/2025\/02\/Penzion-01.webp\" alt=\"Guesthouse\" width=\"1200\" height=\"456\" srcset=\"https:\/\/zdrave-matrace.cz\/wp-content\/uploads\/2025\/02\/Penzion-01.webp 1200w, https:\/\/zdrave-matrace.cz\/wp-content\/uploads\/2025\/02\/Penzion-01-980x372.webp 980w, https:\/\/zdrave-matrace.cz\/wp-content\/uploads\/2025\/02\/Penzion-01-480x182.webp 480w\" sizes=\"(min-width: 0px) and (max-width: 480px) 480px, (min-width: 481px) and (max-width: 980px) 980px, (min-width: 981px) 1200px, 100vw\" \/><\/p>\n<p><strong>Cleaning<\/strong> mattresses in guesthouses contributes to increased sleep quality. Professional services are offered by our mattress cleaning company which provides services to clients in the areas of mattress deep cleaning, mattress steam cleaning, mattress disinfection, mattress ozonation, mattress impregnation including the sale of special mattress cleaners according to your requirements in top quality according to our internal company standards, IICRC\u2122 guidelines and standards and expertly implemented <strong>POTEMA\u00ae, VIROBAG\u00ae.<\/strong><\/p>\n<p><strong>In<\/strong> conjunction with sleep experts and after much research testing, we have found ozone to be a&nbsp;very effective natural disinfectant. In 2015, we founded the brand HEALTHY SLEEP<strong>\u00ae<\/strong> and began to figure out how to disinfect things like mattresses and bedding.<\/p>\n<p><strong>The Guest House<\/strong> is a&nbsp;great alternative to hotels for those looking for affordable, comfortable and friendly accommodation. With a&nbsp;wide range of services and different types of guesthouses, every guest can find one that best suits their needs. Whether you are looking for romantic accommodation in the countryside, a&nbsp;luxurious spa stay or practical accommodation for a&nbsp;business trip, guesthouses can be the ideal choice.<\/p>\n<h2>Advantages of guesthouses over hotels<\/h2>\n<p><img loading=\"lazy\" decoding=\"async\" class=\"alignright wp-image-20018\" src=\"https:\/\/zdrave-matrace.cz\/wp-content\/uploads\/2025\/02\/Penzion-02.webp\" alt=\"Guesthouse\" width=\"600\" height=\"230\" \/><strong>Guesthouses<\/strong> differ from hotels in several key ways:<\/p>\n<ul>\n<li><strong>Personal attention<\/strong> &#8211; Smaller capacity allows operators to give guests individual attention.<\/li>\n<li><strong>Lower price<\/strong> &#8211; Guesthouses often offer more affordable accommodation than hotels.<\/li>\n<li><strong>Homely atmosphere<\/strong> &#8211; Many guesthouses are styled in a&nbsp;family-like setting, which adds to the feeling of comfort.<\/li>\n<li><strong>Calm environment<\/strong> &#8211; Guesthouses are often located away from busy city centres, which contributes to better relaxation for guests.<\/li>\n<\/ul>\n<h2>Types of guesthouses<\/h2>\n<p><strong>Guesthouses<\/strong> can vary in their concept and services offered. The most common types include:<\/p>\n<p><strong>Family guesthouses &#8211; <\/strong>Smaller accommodation facilities run by a&nbsp;family. A&nbsp;small, small, family-run guesthouse &#8211; a&nbsp;small, small family-run guesthouse &#8211; where guests can feel at home and often have the use of common areas or a&nbsp;garden.<\/p>\n<p><strong>Wellness guesthouses &#8211; <\/strong>Guesthouses focused on relaxation and health. They offer wellness services such as saunas, whirlpools, massages or swimming pools.<\/p>\n<p><strong>Business guesthouses &#8211; <\/strong>Business oriented guesthouses. They are often located near major cities and offer conference rooms and stable internet connections.<\/p>\n<p><strong>Rural Guesthouses &#8211; <\/strong>Quiet accommodation in natural surroundings, ideal for lovers of hiking, cycling and rural tranquility.<\/p\n\n\n<h2>Services offered in guesthouses<\/h2>\n<p><img loading=\"lazy\" decoding=\"async\" class=\"alignright wp-image-20020\" src=\"https:\/\/zdrave-matrace.cz\/wp-content\/uploads\/2025\/02\/Penzion-03.webp\" alt=\"Guesthouse\" width=\"600\" height=\"398\" \/><strong>Quality<\/strong> guesthouses strive to offer the best possible services to their guests. Common services include:<\/p>\n<h3>Food<\/h3>\n<p><strong>Many<\/strong> guesthouses offer breakfast included in the price. Some guesthouses also have their own restaurant or offer half board or full board.<\/p>\n<h3>Wi-Fi and technology<\/h3>\n<p><strong>Modern<\/strong> guesthouses provide a&nbsp;stable internet connection, which is important for both business travellers and tourists who want to stay connected to the world.<\/p\n\n\n<h3>Parking<\/h3>\n<p><strong>An important<\/strong> aspect, especially for guesthouses outside city centres. Guests are often looking for secure parking right next to their accommodation.<\/p>\n<h3>Activities and leisure services<\/h3>\n<p><strong>Guesthouses<\/strong> may offer a&nbsp;variety of leisure activities such as bike rentals, organized excursions, ski storage or playrooms for children.<\/p>\n<h2>Design and room facilities in guesthouses<\/h2>\n<p><strong>Guesthouses<\/strong> differ not only in size and range of services, but also in the design and level of room facilities. Modern guesthouses often pay attention to details that make guests&#8217; stay more enjoyable.<\/p>\n<ul>\n<li><strong>Comfortable beds<\/strong> &#8211; Quality mattresses and pillows are key to guest satisfaction.<\/li>\n<li><strong>Private bathroom facilities<\/strong> &#8211; Most guesthouses now offer rooms with private bathrooms.<\/li>\n<li><strong>Storage facilities<\/strong> &#8211; A&nbsp;handy wardrobe and bedside tables are standard.<\/li>\n<li><strong>TV and Wi-Fi<\/strong> &#8211; Standard features in most modern guesthouses.<\/li>\n<\/ul>\n<h2>Hygiene and maintenance in guesthouses<\/h2>\n<p><strong>Cleanliness<\/strong> and maintenance are absolutely essential in guesthouses. Guest houses should:<\/p>\n<ul>\n<li><strong>Perform regular cleaning<\/strong> &#8211; Daily cleaning of rooms and common areas.<\/li>\n<li><strong>Wash bed linen to high temperatures<\/strong> &#8211; Ensure maximum hygiene.<\/li>\n<li><strong>Use good quality cleaning products<\/strong> &#8211; Not only for hygiene but also for a&nbsp;pleasant environment.<\/li>\n<\/ul>\n<h2>Environmental trends in guesthouses<\/h2>\n<p><strong>More and more<\/strong> guesthouses are focusing on eco-friendly and sustainable solutions to reduce their impact on the environment.<\/p\n\n\n<ul>\n<li><strong>Using renewable energy<\/strong> &#8211; Solar panels or heat pumps.<\/li>\n<li><strong>Environmental cleaning products<\/strong> &#8211; Reduce harmful chemicals in the environment.<\/li>\n<li><strong>Supporting local products<\/strong> &#8211; For example, serving homemade food from local farmers.<\/li>\n<\/ul>\n<h2>Trends in guesthouse accommodation<\/h2>\n<p><strong>Guesthouses<\/strong> are constantly evolving to meet the demanding requirements of guests. Current trends include:<\/p>\n<ul>\n<li><strong>Automation of bookings<\/strong> &#8211; Guests can book their accommodation online without the need for a&nbsp;telephone appointment.<\/li>\n<li><strong>Contactless check-in<\/strong> &#8211; The ability to enter a&nbsp;room using a&nbsp;code or mobile app.<\/li>\n<li><strong>Glamping and non-traditional accommodation<\/strong> &#8211; Luxury tented camps or eco-friendly cabins in the countryside.<\/li>\n<\/ul>\n<h2>How to choose the ideal guesthouse<\/h2>\n<p><strong>When<\/strong> choosing a&nbsp;guesthouse, there are a&nbsp;few key factors to consider:<\/p>\n<ul>\n<li><strong>Location<\/strong> &#8211; Proximity to tourist attractions, nature or the city.<\/li>\n<li><strong>Price<\/strong> &#8211; The ratio between the quality and price of the accommodation.<\/li>\n<li><strong>Reviews<\/strong> &#8211; Read guest reviews online.<\/li>\n<li><strong>Services offered<\/strong> &#8211; Meals, Wi-Fi, parking and other amenities.<\/li>\n<\/ul>\n<h2>Future of guesthouses<\/h2>\n<p><strong>Guesthouses<\/strong> have great potential because they combine the convenience of a&nbsp;hotel with a&nbsp;personal touch. With the growing emphasis on ecology, technology and personalisation of services, they may continue to be one of the best accommodation options for different groups of travellers in the future.<\/p>\n<p>[\/et_pb_text][\/et_pb_column][\/et_pb_row][\/et_pb_section]<\/p>\n","protected":false},"excerpt":{"rendered":"<p>Pension is a&nbsp;smaller accommodation facility that offers accommodation to tourists, business travellers and families looking for comfortable and affordable accommodation. Compared to hotels, guesthouses tend to be smaller, often family-run and with an emphasis on a&nbsp;personal approach to guests. As a&nbsp;guaranteed partner of the Czech Hotel Association, our company offers professional mattress [&hellip;]<\/p>\n","protected":false},"author":1,"featured_media":0,"parent":0,"menu_order":0,"comment_status":"closed","ping_status":"closed","template":"","meta":{"_et_pb_use_builder":"on","_et_pb_old_content":"[et_pb_section fb_built=\"1\" admin_label=\"Glob\u00e1ln\u00ed nadpis\" _builder_version=\"4.27.4\" _module_preset=\"default\" background_color=\"#fafafa\" custom_padding=\"30px||30px||true|false\" border_width_top=\"1px\" border_color_top=\"#EDEDED\" border_width_bottom=\"1px\" border_color_bottom=\"#EDEDED\" global_module=\"17806\" saved_tabs=\"all\" global_colors_info=\"{}\"][et_pb_row _builder_version=\"4.27.2\" _module_preset=\"default\" global_colors_info=\"%91%93\"][et_pb_column type=\"4_4\" _builder_version=\"4.27.2\" _module_preset=\"default\" global_colors_info=\"{}\"][et_pb_text _builder_version=\"4.27.2\" _dynamic_attributes=\"content\" _module_preset=\"default\" text_font=\"|700|||||||\" header_font=\"|600||on|||||\" header_2_font=\"|600|||||||\" header_2_text_align=\"left\" header_3_text_align=\"left\" text_orientation=\"center\" header_font_size_tablet=\"\" header_font_size_phone=\"26px\" header_font_size_last_edited=\"on|phone\" global_colors_info=\"%91%93\"]@ET-DC@eyJkeW5hbWljIjp0cnVlLCJjb250ZW50IjoicG9zdF90aXRsZSIsInNldHRpbmdzIjp7ImJlZm9yZSI6IjxoMT4iLCJhZnRlciI6IjwvaDE+IiwiZW5hYmxlX2h0bWwiOiJvZmYifX0=@[\/et_pb_text][\/et_pb_column][\/et_pb_row][\/et_pb_section][et_pb_section fb_built=\"1\" _builder_version=\"4.27.2\" _module_preset=\"default\" global_colors_info=\"{}\"][et_pb_row _builder_version=\"4.27.2\" _module_preset=\"default\" global_colors_info=\"%91%93\"][et_pb_column type=\"4_4\" _builder_version=\"4.27.2\" _module_preset=\"default\" global_colors_info=\"{}\"][et_pb_text content_last_edited=\"off|desktop\" _builder_version=\"4.27.4\" _module_preset=\"default\" header_font=\"|600||on|||||\" header_2_font=\"|600|||||||\" header_2_text_align=\"left\" header_3_text_align=\"left\" text_orientation=\"justified\" hover_enabled=\"0\" global_colors_info=\"%91%93\" sticky_enabled=\"0\"]<p><strong>Penzion<\/strong> je men\u0161\u00ed ubytovac\u00ed za\u0159\u00edzen\u00ed, kter\u00e9 nab\u00edz\u00ed ubytov\u00e1n\u00ed turist\u016fm, obchodn\u00edm cestuj\u00edc\u00edm i rodin\u00e1m hledaj\u00edc\u00edm pohodln\u00e9 a cenov\u011b dostupn\u00e9 ubytov\u00e1n\u00ed. Oproti hotel\u016fm b\u00fdvaj\u00ed penziony men\u0161\u00ed, \u010dasto rodinn\u011b provozovan\u00e9 a s d\u016frazem na osobn\u00ed p\u0159\u00edstup k host\u016fm. Na\u0161e firma jako garantovan\u00fd partner asociace hotel\u016f \u010cR nab\u00edz\u00ed profesion\u00e1ln\u00ed \u00fadr\u017ebu matrac\u00ed a l\u016f\u017ekovin pro penziony v\u00a0\u010cR.<\/p>\r\n<p><img class=\"alignnone wp-image-20016 size-full\" src=\"https:\/\/zdrave-matrace.cz\/wp-content\/uploads\/2025\/02\/Penzion-01.webp\" alt=\"Penzion\" width=\"1200\" height=\"456\" \/><\/p>\r\n<p><strong>\u010ci\u0161t\u011bn\u00ed<\/strong> matrac\u00ed v penzionech p\u0159isp\u00edv\u00e1 ke zv\u00fd\u0161en\u00e9 kvalit\u011b sp\u00e1nku. Profesion\u00e1ln\u00ed slu\u017eby V\u00e1m nab\u00edz\u00ed na\u0161e \u010dist\u00edrna matrac\u00ed, kter\u00e1 poskytuje slu\u017eby klient\u016fm v oblastech hloubkov\u00e9ho \u010di\u0161t\u011bn\u00ed matrac\u00ed, parn\u00edho \u010di\u0161t\u011bn\u00ed matrac\u00ed, dezinfekce matrac\u00ed, oz\u00f3nov\u00e1n\u00ed matrac\u00ed, impregnace matrac\u00ed v\u010detn\u011b prodeje speci\u00e1ln\u00edch \u010disti\u010d\u016f matrac\u00ed dle Va\u0161eho p\u0159\u00e1n\u00ed ve \u0161pi\u010dkov\u00e9 kvalit\u011b dle na\u0161ich intern\u00edch firemn\u00edch standard\u016f, sm\u011brnic a norem IICRC\u2122 a odborn\u011b prov\u00e1d\u011bc\u00edho syst\u00e9mu <strong>POTEMA\u00ae, VIROBAG\u00ae.<\/strong><\/p>\r\n<p><strong>Ve<\/strong> spojen\u00ed s odborn\u00edky na sp\u00e1nek a po mnoha v\u00fdzkumn\u00fdch testech jsme zjistili, \u017ee ozon je velmi \u00fa\u010dinn\u00e1 p\u0159\u00edrodn\u00ed dezinfekce. V roce 2015 jsme zalo\u017eili zna\u010dku ZDRAV\u00c9 SPAN\u00cd<strong>\u00ae<\/strong> a za\u010dali jsme vym\u00fd\u0161let jak dezinfikovat nap\u0159. matrace a l\u016f\u017ekoviny.<\/p>\r\n<p><strong>Penzion<\/strong> je skv\u011blou alternativou k hotel\u016fm pro ty, kte\u0159\u00ed hledaj\u00ed cenov\u011b dostupn\u00e9, komfortn\u00ed a p\u0159\u00e1telsk\u00e9 ubytov\u00e1n\u00ed. D\u00edky \u0161irok\u00e9 nab\u00eddce slu\u017eeb a r\u016fzn\u00fdm typ\u016fm penzion\u016f si ka\u017ed\u00fd host m\u016f\u017ee naj\u00edt takov\u00fd, kter\u00fd nejl\u00e9pe vyhovuje jeho pot\u0159eb\u00e1m. A\u0165 u\u017e hled\u00e1te romantick\u00e9 ubytov\u00e1n\u00ed v p\u0159\u00edrod\u011b, luxusn\u00ed wellness pobyt nebo praktick\u00e9 ubytov\u00e1n\u00ed pro slu\u017eebn\u00ed cestu, penziony mohou b\u00fdt ide\u00e1ln\u00ed volbou.<\/p>\r\n<h2>V\u00fdhody penzionu oproti hotel\u016fm<\/h2>\r\n<p><img class=\"alignright wp-image-20018\" src=\"https:\/\/zdrave-matrace.cz\/wp-content\/uploads\/2025\/02\/Penzion-02.webp\" alt=\"Penzion\" width=\"600\" height=\"230\" \/><strong>Penziony<\/strong> se od hotel\u016f li\u0161\u00ed n\u011bkolika kl\u00ed\u010dov\u00fdmi aspekty:<\/p>\r\n<ul>\r\n<li><strong>Osobn\u00ed p\u0159\u00edstup<\/strong>\u00a0\u2013 Men\u0161\u00ed kapacita umo\u017e\u0148uje provozovatel\u016fm v\u011bnovat host\u016fm individu\u00e1ln\u00ed p\u00e9\u010di.<\/li>\r\n<li><strong>Ni\u017e\u0161\u00ed cena<\/strong>\u00a0\u2013 Penziony \u010dasto nab\u00edzej\u00ed cenov\u011b dostupn\u011bj\u0161\u00ed ubytov\u00e1n\u00ed ne\u017e hotely.<\/li>\r\n<li><strong>Dom\u00e1c\u00ed atmosf\u00e9ra<\/strong>\u00a0\u2013 Mnoho penzion\u016f je stylizov\u00e1no do rodinn\u00e9ho prost\u0159ed\u00ed, co\u017e p\u0159isp\u00edv\u00e1 k pocitu pohodl\u00ed.<\/li>\r\n<li><strong>Klidn\u011bj\u0161\u00ed prost\u0159ed\u00ed<\/strong>\u00a0\u2013 Penziony b\u00fdvaj\u00ed \u010dasto situov\u00e1ny mimo ru\u0161n\u00e1 centra m\u011bst, co\u017e p\u0159isp\u00edv\u00e1 k lep\u0161\u00ed relaxaci host\u016f.<\/li>\r\n<\/ul>\r\n<h2>Typy penzion\u016f<\/h2>\r\n<p><strong>Penziony<\/strong> se mohou li\u0161it svou koncepc\u00ed a nab\u00edzen\u00fdmi slu\u017ebami. Mezi nejb\u011b\u017en\u011bj\u0161\u00ed typy pat\u0159\u00ed:<\/p>\r\n<p><strong>Rodinn\u00e9 penziony - <\/strong>Men\u0161\u00ed ubytovac\u00ed za\u0159\u00edzen\u00ed provozovan\u00e9 rodinou. Host\u00e9 se zde mohou c\u00edtit jako doma a \u010dasto maj\u00ed mo\u017enost vyu\u017e\u00edvat spole\u010dn\u00e9 prostory nebo zahradu.<\/p>\r\n<p><strong>Wellness penziony - <\/strong>Penziony zam\u011b\u0159en\u00e9 na relaxaci a zdrav\u00ed. Nab\u00edzej\u00ed wellness slu\u017eby, jako jsou sauny, v\u00ed\u0159ivky, mas\u00e1\u017ee nebo baz\u00e9ny.<\/p>\r\n<p><strong>Business penziony - <\/strong>Penziony orientovan\u00e9 na obchodn\u00ed cestuj\u00edc\u00ed. \u010casto se nach\u00e1zej\u00ed v bl\u00edzkosti velk\u00fdch m\u011bst a nab\u00edzej\u00ed konferen\u010dn\u00ed m\u00edstnosti a stabiln\u00ed internetov\u00e9 p\u0159ipojen\u00ed.<\/p>\r\n<p><strong>Penziony na venkov\u011b - <\/strong>Klidn\u00e9 ubytov\u00e1n\u00ed v p\u0159\u00edrodn\u00edm prost\u0159ed\u00ed, ide\u00e1ln\u00ed pro milovn\u00edky turistiky, cykloturistiky a venkovsk\u00e9ho klidu.<\/p>\r\n<h2>Slu\u017eby nab\u00edzen\u00e9 v penzionech<\/h2>\r\n<p><img class=\"alignright wp-image-20020\" src=\"https:\/\/zdrave-matrace.cz\/wp-content\/uploads\/2025\/02\/Penzion-03.webp\" alt=\"Penzion\" width=\"600\" height=\"398\" \/><strong>Kvalitn\u00ed<\/strong> penziony se sna\u017e\u00ed sv\u00fdm host\u016fm nab\u00eddnout co nejlep\u0161\u00ed slu\u017eby. Mezi b\u011b\u017en\u00e9 slu\u017eby pat\u0159\u00ed:<\/p>\r\n<h3>Stravov\u00e1n\u00ed<\/h3>\r\n<p><strong>Mnoho<\/strong> penzion\u016f nab\u00edz\u00ed sn\u00eddani zahrnutou v cen\u011b ubytov\u00e1n\u00ed. N\u011bkter\u00e9 penziony maj\u00ed i vlastn\u00ed restauraci nebo mo\u017enost polopenze \u010di pln\u00e9 penze.<\/p>\r\n<h3>Wi-Fi a technologie<\/h3>\r\n<p><strong>Modern\u00ed<\/strong> penziony poskytuj\u00ed stabiln\u00ed internetov\u00e9 p\u0159ipojen\u00ed, co\u017e je d\u016fle\u017eit\u00e9 jak pro obchodn\u00ed cestuj\u00edc\u00ed, tak pro turisty, kte\u0159\u00ed cht\u011bj\u00ed z\u016fstat v kontaktu se sv\u011btem.<\/p>\r\n<h3>Parkov\u00e1n\u00ed<\/h3>\r\n<p><strong>D\u016fle\u017eit\u00fd<\/strong> aspekt zejm\u00e9na pro penziony mimo centra m\u011bst. Host\u00e9 \u010dasto hledaj\u00ed mo\u017enost bezpe\u010dn\u00e9ho parkov\u00e1n\u00ed p\u0159\u00edmo u ubytov\u00e1n\u00ed.<\/p>\r\n<h3>Aktivity a volno\u010dasov\u00e9 slu\u017eby<\/h3>\r\n<p><strong>Penziony<\/strong> mohou nab\u00edzet r\u016fzn\u00e9 volno\u010dasov\u00e9 aktivity, jako jsou p\u016fj\u010dovny kol, organizovan\u00e9 v\u00fdlety, ly\u017e\u00e1rny \u010di hern\u00ed m\u00edstnosti pro d\u011bti.<\/p>\r\n<h2>Design a vybaven\u00ed pokoj\u016f v penzionech<\/h2>\r\n<p><strong>Penziony<\/strong> se li\u0161\u00ed nejen velikost\u00ed a nab\u00eddkou slu\u017eeb, ale i designem a \u00farovn\u00ed vybaven\u00ed pokoj\u016f. Modern\u00ed penziony \u010dasto dbaj\u00ed na detaily, kter\u00e9 host\u016fm zp\u0159\u00edjemn\u00ed pobyt.<\/p>\r\n<ul>\r\n<li><strong>Komfortn\u00ed l\u016f\u017eka<\/strong>\u00a0\u2013 Kvalitn\u00ed matrace a pol\u0161t\u00e1\u0159e jsou kl\u00ed\u010dov\u00fdm prvkem pro spokojenost host\u016f.<\/li>\r\n<li><strong>Vlastn\u00ed soci\u00e1ln\u00ed za\u0159\u00edzen\u00ed<\/strong>\u00a0\u2013 V\u011bt\u0161ina penzion\u016f dnes nab\u00edz\u00ed pokoje s vlastn\u00ed koupelnou.<\/li>\r\n<li><strong>\u00dalo\u017en\u00e9 prostory<\/strong>\u00a0\u2013 Praktick\u00e1 sk\u0159\u00ed\u0148 a no\u010dn\u00ed stolky jsou standardem.<\/li>\r\n<li><strong>Televize a Wi-Fi<\/strong>\u00a0\u2013 Standardn\u00ed vybaven\u00ed v\u011bt\u0161iny modern\u00edch penzion\u016f.<\/li>\r\n<\/ul>\r\n<h2>Hygiena a \u00fadr\u017eba v penzionech<\/h2>\r\n<p><strong>\u010cistota<\/strong> a \u00fadr\u017eba jsou v ubytovac\u00edch za\u0159\u00edzen\u00edch naprosto z\u00e1sadn\u00ed. Penziony by m\u011bly:<\/p>\r\n<ul>\r\n<li><strong>Prov\u00e1d\u011bt pravideln\u00fd \u00faklid<\/strong>\u00a0\u2013 Denn\u00ed \u00faklid pokoj\u016f a spole\u010dn\u00fdch prostor.<\/li>\r\n<li><strong>Pr\u00e1t lo\u017en\u00ed pr\u00e1dlo na vysok\u00e9 teploty<\/strong>\u00a0\u2013 Zaji\u0161\u0165uje maxim\u00e1ln\u00ed hygienu.<\/li>\r\n<li><strong>Pou\u017e\u00edvat kvalitn\u00ed \u010dist\u00edc\u00ed prost\u0159edky<\/strong>\u00a0\u2013 Nejen z d\u016fvodu hygieny, ale i pro p\u0159\u00edjemn\u00e9 prost\u0159ed\u00ed.<\/li>\r\n<\/ul>\r\n<h2>Ekologick\u00e9 trendy v penzionech<\/h2>\r\n<p><strong>St\u00e1le<\/strong> v\u00edce penzion\u016f se zam\u011b\u0159uje na ekologick\u00e9 a udr\u017eiteln\u00e9 \u0159e\u0161en\u00ed, aby sn\u00ed\u017eily sv\u016fj dopad na \u017eivotn\u00ed prost\u0159ed\u00ed.<\/p>\r\n<ul>\r\n<li><strong>Pou\u017eit\u00ed obnoviteln\u00fdch zdroj\u016f energie<\/strong>\u00a0\u2013 Sol\u00e1rn\u00ed panely nebo tepeln\u00e1 \u010derpadla.<\/li>\r\n<li><strong>Ekologick\u00e9 \u010distic\u00ed prost\u0159edky<\/strong>\u00a0\u2013 Omezuj\u00ed \u0161kodliv\u00e9 chemik\u00e1lie v prost\u0159ed\u00ed.<\/li>\r\n<li><strong>Podpora lok\u00e1ln\u00edch produkt\u016f<\/strong>\u00a0\u2013 Nap\u0159\u00edklad serv\u00edrov\u00e1n\u00ed dom\u00e1c\u00edch potravin od m\u00edstn\u00edch farm\u00e1\u0159\u016f.<\/li>\r\n<\/ul>\r\n<h2>Trendy v ubytov\u00e1n\u00ed v penzionech<\/h2>\r\n<p><strong>Penziony<\/strong> se neust\u00e1le vyv\u00edjej\u00ed, aby uspokojily n\u00e1ro\u010dn\u00e9 po\u017eadavky host\u016f. Mezi aktu\u00e1ln\u00ed trendy pat\u0159\u00ed:<\/p>\r\n<ul>\r\n<li><strong>Automatizace rezervac\u00ed<\/strong>\u00a0\u2013 Host\u00e9 si mohou rezervovat ubytov\u00e1n\u00ed online bez nutnosti telefonick\u00e9 domluvy.<\/li>\r\n<li><strong>Kontaktless check-in<\/strong>\u00a0\u2013 Mo\u017enost vstupu do pokoje pomoc\u00ed k\u00f3du nebo mobiln\u00ed aplikace.<\/li>\r\n<li><strong>Glamping a netradi\u010dn\u00ed ubytov\u00e1n\u00ed<\/strong>\u00a0\u2013 Luxusn\u00ed stanov\u00e9 kempy nebo ekologick\u00e9 chatky v p\u0159\u00edrod\u011b.<\/li>\r\n<\/ul>\r\n<h2>Jak si vybrat ide\u00e1ln\u00ed penzion?<\/h2>\r\n<p><strong>P\u0159i<\/strong> v\u00fdb\u011bru penzionu je dobr\u00e9 zv\u00e1\u017eit n\u011bkolik kl\u00ed\u010dov\u00fdch faktor\u016f:<\/p>\r\n<ul>\r\n<li><strong>Lokalita<\/strong>\u00a0\u2013 Bl\u00edzkost turistick\u00fdch atrakc\u00ed, p\u0159\u00edrody nebo m\u011bsta.<\/li>\r\n<li><strong>Cena<\/strong>\u00a0\u2013 Pom\u011br mezi kvalitou a cenou ubytov\u00e1n\u00ed.<\/li>\r\n<li><strong>Recenze<\/strong>\u00a0\u2013 \u010c\u00edst hodnocen\u00ed host\u016f na internetu.<\/li>\r\n<li><strong>Nab\u00edzen\u00e9 slu\u017eby<\/strong>\u00a0\u2013 Stravov\u00e1n\u00ed, Wi-Fi, parkov\u00e1n\u00ed a dal\u0161\u00ed vybaven\u00ed.<\/li>\r\n<\/ul>\r\n<h2>Budoucnost penzion\u016f<\/h2>\r\n<p><strong>Penziony<\/strong> maj\u00ed velk\u00fd potenci\u00e1l, proto\u017ee kombinuj\u00ed pohodl\u00ed hotelu s osobn\u00edm p\u0159\u00edstupem k host\u016fm. S rostouc\u00edm d\u016frazem na ekologii, technologie a individualizaci slu\u017eeb mohou b\u00fdt i v budoucnu jednou z nejlep\u0161\u00edch mo\u017enost\u00ed ubytov\u00e1n\u00ed pro r\u016fzn\u00e9 skupiny cestovatel\u016f.<\/p>[\/et_pb_text][\/et_pb_column][\/et_pb_row][\/et_pb_section]","_et_gb_content_width":"","inline_featured_image":false,"footnotes":""},"class_list":["post-20213","page","type-page","status-publish","hentry"],"_links":{"self":[{"href":"https:\/\/zdrave-matrace.cz\/en\/wp-json\/wp\/v2\/pages\/20213","targetHints":{"allow":["GET"]}}],"collection":[{"href":"https:\/\/zdrave-matrace.cz\/en\/wp-json\/wp\/v2\/pages"}],"about":[{"href":"https:\/\/zdrave-matrace.cz\/en\/wp-json\/wp\/v2\/types\/page"}],"author":[{"embeddable":true,"href":"https:\/\/zdrave-matrace.cz\/en\/wp-json\/wp\/v2\/users\/1"}],"replies":[{"embeddable":true,"href":"https:\/\/zdrave-matrace.cz\/en\/wp-json\/wp\/v2\/comments?post=20213"}],"version-history":[{"count":4,"href":"https:\/\/zdrave-matrace.cz\/en\/wp-json\/wp\/v2\/pages\/20213\/revisions"}],"predecessor-version":[{"id":20220,"href":"https:\/\/zdrave-matrace.cz\/en\/wp-json\/wp\/v2\/pages\/20213\/revisions\/20220"}],"wp:attachment":[{"href":"https:\/\/zdrave-matrace.cz\/en\/wp-json\/wp\/v2\/media?parent=20213"}],"curies":[{"name":"wp","href":"https:\/\/api.w.org\/{rel}","templated":true}]}}